{"id":7,"date":"2013-01-19T10:36:17","date_gmt":"2013-01-19T10:36:17","guid":{"rendered":"http:\/\/radheshyama.wordpress.com\/?page_id=4"},"modified":"2025-11-03T15:23:49","modified_gmt":"2025-11-03T15:23:49","slug":"kochen","status":"publish","type":"page","link":"https:\/\/radhe-syama.ch\/wordpress\/kochen\/","title":{"rendered":"kochkurse"},"content":{"rendered":"<p>Ich biete ausschliesslich <strong>indisch-vegan\/vegetarische Kochkurse<\/strong>\u00a0in den folgenden Formen an:<\/p>\n<p><strong>Regelm\u00e4ssige Kochkurse Freizeitanlage Oberwil\/Zug<\/strong><\/p>\n<p>Diese Kochkurse finden in der Regel j\u00e4hrlich im M\u00e4rz und November statt und umfassen drei Abende. Die Anmeldung l\u00e4uft \u00fcber die Freizeitanlage Oberwil.<\/p>\n<p>N\u00e4here Infos \u00fcber Preise und aktuelle Kursdaten finden Sie <a href=\"https:\/\/www.oberwilerkurse.ch\/leiter\/keller-fredy\/\" target=\"_blank\" rel=\"noopener noreferrer\">hier<\/a>.<\/p>\n<p><strong>Koch-Events f\u00fcr Firmen und Vereine<\/strong><\/p>\n<p>Hierbei handelt es sich meistens um einen Kochkurs, der einen Nachmittag\/Abend umfasst. Es bieten sich die sch\u00f6nen R\u00e4umlichkeiten der Freizeitanlage Oberwil, direkt am Zugersee (mit Schiffhaltestelle) an, die f\u00fcr bis zu 20 Personen geeignet sind.\u00a0Oder der Anlass findet an einem von Ihnen gew\u00e4hlten\/zur Verf\u00fcgung gestellten Ort statt.<\/p>\n<p>Verschiedene Firmen nutzen dieses Angebot zur Teambildung oder um ein Firmenessen zur Abwechslung als sozial-aktiven Event abzuhalten.<\/p>\n<p>Die Details und der Zeitrahmen sehen naturgem\u00e4ss bei jedem Anlass anders aus und werden nach individuellen W\u00fcnschen angepasst. Nehmen Sie <a title=\"kontakt\" href=\"https:\/\/radhe-syama.ch\/wordpress\/?page_id=16\">Kontakt<\/a> zu mir auf!<\/p>\n<p><strong>Private Kochkurse (z.B. als Geschenk)<\/strong><\/p>\n<p>Ein gemeinsamer Kochabend zusammen mit Ihren Freunden kann grossen Spass machen. Sie motivieren 8 &#8211; 12 Freunde, Bekannte und Verwandte am Kochabend mitzumachen \u2013 oder Sie laden sie kurzerhand ein und haben sie so originell beschenkt.<\/p>\n<p>Abh\u00e4ngig vom Lokal belaufen sich die Kosten auf CHF 130.00 &#8211; 180.00 pro Person.<\/p>\n<p>Ob dieser Anlass in der Freizeitanlage Oberwil, direkt am Zugersee, stattfindet oder in einem von Ihnen bevorzugten Lokal, wird zusammen mit allen anderen Details individuell abgekl\u00e4rt. <a title=\"kontakt\" href=\"https:\/\/radhe-syama.ch\/wordpress\/?page_id=16\">Kontaktieren<\/a> Sie mich!<\/p>\n","protected":false},"excerpt":{"rendered":"<p>Ich biete ausschliesslich indisch-vegan\/vegetarische Kochkurse\u00a0in den folgenden Formen an: Regelm\u00e4ssige Kochkurse Freizeitanlage Oberwil\/Zug Diese Kochkurse finden in der Regel j\u00e4hrlich im M\u00e4rz und November statt und umfassen drei Abende. Die Anmeldung l\u00e4uft \u00fcber die Freizeitanlage Oberwil. N\u00e4here Infos \u00fcber Preise und aktuelle Kursdaten finden Sie hier. Koch-Events f\u00fcr Firmen und Vereine Hierbei handelt es sich &hellip; <a href=\"https:\/\/radhe-syama.ch\/wordpress\/kochen\/\" class=\"more-link\">Continue reading<span class=\"screen-reader-text\"> &#8220;kochkurse&#8221;<\/span><\/a><\/p>\n","protected":false},"author":1,"featured_media":124,"parent":0,"menu_order":2,"comment_status":"closed","ping_status":"closed","template":"onecolumn-page.php","meta":{"footnotes":""},"class_list":["post-7","page","type-page","status-publish","has-post-thumbnail","hentry"],"_links":{"self":[{"href":"https:\/\/radhe-syama.ch\/wordpress\/wp-json\/wp\/v2\/pages\/7","targetHints":{"allow":["GET"]}}],"collection":[{"href":"https:\/\/radhe-syama.ch\/wordpress\/wp-json\/wp\/v2\/pages"}],"about":[{"href":"https:\/\/radhe-syama.ch\/wordpress\/wp-json\/wp\/v2\/types\/page"}],"author":[{"embeddable":true,"href":"https:\/\/radhe-syama.ch\/wordpress\/wp-json\/wp\/v2\/users\/1"}],"replies":[{"embeddable":true,"href":"https:\/\/radhe-syama.ch\/wordpress\/wp-json\/wp\/v2\/comments?post=7"}],"version-history":[{"count":7,"href":"https:\/\/radhe-syama.ch\/wordpress\/wp-json\/wp\/v2\/pages\/7\/revisions"}],"predecessor-version":[{"id":961,"href":"https:\/\/radhe-syama.ch\/wordpress\/wp-json\/wp\/v2\/pages\/7\/revisions\/961"}],"wp:featuredmedia":[{"embeddable":true,"href":"https:\/\/radhe-syama.ch\/wordpress\/wp-json\/wp\/v2\/media\/124"}],"wp:attachment":[{"href":"https:\/\/radhe-syama.ch\/wordpress\/wp-json\/wp\/v2\/media?parent=7"}],"curies":[{"name":"wp","href":"https:\/\/api.w.org\/{rel}","templated":true}]}}