{"id":783,"date":"2019-11-15T16:02:15","date_gmt":"2019-11-15T16:02:15","guid":{"rendered":"https:\/\/radhe-syama.ch\/wordpress\/?page_id=783"},"modified":"2026-03-02T08:30:39","modified_gmt":"2026-03-02T08:30:39","slug":"blog","status":"publish","type":"page","link":"https:\/\/radhe-syama.ch\/wordpress\/","title":{"rendered":"Blog"},"content":{"rendered":"\n<p><a href=\"https:\/\/radhe-syama.ch\/wordpress\/kochen\/\" data-type=\"page\" data-id=\"7\" target=\"_blank\" rel=\"noreferrer noopener\">Indisch Kochen<\/a><br>In unregelm\u00e4ssigen Abst\u00e4nden f\u00fchre ich mit meiner Partnerin Kochworkshops in Z\u00fcrich und Trun\/Ilanz durch. Falls du Interesse daran hast, melde dich einfach f\u00fcr den <a href=\"mailto:in************@*********ma.ch\" data-original-string=\"oeY8D2cvboO56y7ZWF524A==7ffY6ZbEqb1yQj+MJIOAMm86cMBAkf3XfxVaOQ3XFH0NO4=\" title=\"This contact has been encoded by Anti-Spam by CleanTalk. Click to decode. To finish the decoding make sure that JavaScript is enabled in your browser.\" data-type=\"mailto\" data-id=\"mailto:in************@*********ma.ch\" data-original-string=\"n+C9couATCpfWcdDZRp++g==7ffOBi1UEIHEZofHqBlKgyTHvw3Ndr9g16Mv2rP7EeGFQc=\" title=\"This contact has been encoded by Anti-Spam by CleanTalk. Click to decode. To finish the decoding make sure that JavaScript is enabled in your browser.\">Newsletter<\/a> an.<\/p>\n\n\n\n<p><a href=\"https:\/\/radhe-syama.ch\/wordpress\/category\/blog\/schreiben\/\" target=\"_blank\" rel=\"noreferrer noopener\">Schreiben<\/a><br>Seit Anfang 2017 schreibe ich an der <em>Autobiografie eines Unbekannten<\/em>, meiner Lebensgeschichte. Im April 2022 habe ich den ersten Band <em><a href=\"https:\/\/biografie-eines-unbekannten.ch\/\" target=\"_blank\" rel=\"noreferrer noopener\">Sinnsuche unter dem Teppich<\/a><\/em> fertiggestellt und arbeite nun am zweiten Band. Dar\u00fcber berichte ich an dieser Stelle hin und wieder.<\/p>\n\n\n\n<p><a href=\"https:\/\/radhe-syama.ch\/wordpress\/indische-philosophie\/\" target=\"_blank\" rel=\"noreferrer noopener\">Indische Philosophie<\/a><br>Die indische Philosophie fasziniert mich seit langen Jahren und war damals &#8211; als ich verzweifelt nach dem Sinn des Lebens forschte &#8211; mein Rettungsanker.<\/p>\n\n\n\n<p><a href=\"https:\/\/radhe-syama.ch\/wordpress\/reisen\/\" target=\"_blank\" rel=\"noreferrer noopener\">Reisen<\/a><br>Reisen in fremde L\u00e4nder ist ein wichtiger Aspekt meines Lebens, und war f\u00fcr lange Zeit sogar der eigentliche Lebensinhalt.<\/p>\n\n\n\n<p><a href=\"https:\/\/radhe-syama.ch\/wordpress\/bergtouren\/\" target=\"_blank\" rel=\"noreferrer noopener\">Touren in den Alpen<\/a><br>In den letzten Jahren bewege ich mich mehrheitlich in den Schweizer Alpen. Auf jeder Bergtour entdecke ich neue verlockende Gipfel.<\/p>\n\n\n\n<p><a href=\"https:\/\/radhe-syama.ch\/wordpress\/category\/blog\/alltagssplitter\/\" target=\"_blank\" rel=\"noreferrer noopener\">Alltagssplitter<\/a><br>Manchmal entstehen spontane Gedanken, die eine Kettenreaktion ausl\u00f6sen und niedergeschrieben werden wollen &#8230;<\/p>\n\n\n\n<p><\/p>\n\n\n\n<p><\/p>\n","protected":false},"excerpt":{"rendered":"<p>Indisch KochenIn unregelm\u00e4ssigen Abst\u00e4nden f\u00fchre ich mit meiner Partnerin Kochworkshops in Z\u00fcrich und Trun\/Ilanz durch. Falls du Interesse daran hast, melde dich einfach f\u00fcr den Newsletter an. SchreibenSeit Anfang 2017 schreibe ich an der Autobiografie eines Unbekannten, meiner Lebensgeschichte. Im April 2022 habe ich den ersten Band Sinnsuche unter dem Teppich fertiggestellt und arbeite nun &hellip; <a href=\"https:\/\/radhe-syama.ch\/wordpress\/\" class=\"more-link\">Continue reading<span class=\"screen-reader-text\"> &#8220;Blog&#8221;<\/span><\/a><\/p>\n","protected":false},"author":1,"featured_media":272,"parent":0,"menu_order":0,"comment_status":"open","ping_status":"closed","template":"","meta":{"footnotes":""},"class_list":["post-783","page","type-page","status-publish","has-post-thumbnail","hentry"],"_links":{"self":[{"href":"https:\/\/radhe-syama.ch\/wordpress\/wp-json\/wp\/v2\/pages\/783","targetHints":{"allow":["GET"]}}],"collection":[{"href":"https:\/\/radhe-syama.ch\/wordpress\/wp-json\/wp\/v2\/pages"}],"about":[{"href":"https:\/\/radhe-syama.ch\/wordpress\/wp-json\/wp\/v2\/types\/page"}],"author":[{"embeddable":true,"href":"https:\/\/radhe-syama.ch\/wordpress\/wp-json\/wp\/v2\/users\/1"}],"replies":[{"embeddable":true,"href":"https:\/\/radhe-syama.ch\/wordpress\/wp-json\/wp\/v2\/comments?post=783"}],"version-history":[{"count":26,"href":"https:\/\/radhe-syama.ch\/wordpress\/wp-json\/wp\/v2\/pages\/783\/revisions"}],"predecessor-version":[{"id":984,"href":"https:\/\/radhe-syama.ch\/wordpress\/wp-json\/wp\/v2\/pages\/783\/revisions\/984"}],"wp:featuredmedia":[{"embeddable":true,"href":"https:\/\/radhe-syama.ch\/wordpress\/wp-json\/wp\/v2\/media\/272"}],"wp:attachment":[{"href":"https:\/\/radhe-syama.ch\/wordpress\/wp-json\/wp\/v2\/media?parent=783"}],"curies":[{"name":"wp","href":"https:\/\/api.w.org\/{rel}","templated":true}]}}