{"id":82,"date":"2013-01-19T11:38:29","date_gmt":"2013-01-19T11:38:29","guid":{"rendered":"http:\/\/radheshyama.wordpress.com\/?page_id=53"},"modified":"2022-04-13T11:22:22","modified_gmt":"2022-04-13T11:22:22","slug":"bergtouren","status":"publish","type":"page","link":"https:\/\/radhe-syama.ch\/wordpress\/bergtouren\/","title":{"rendered":"touren in den alpen"},"content":{"rendered":"<p>Eine sp\u00e4t entdeckte Leidenschaft!<\/p>\n<p>Berge begleiteten mich schon als Kind auf Wanderungen mit den Eltern oder auf Schulreisen, im Milit\u00e4rdienst im Hochgebirge und sp\u00e4ter auf meiner mehrj\u00e4hrigen Weltreise. Doch da war mein vordringlichster Wunsch, die ganze Welt zu sehen \u2013 \u00fcberall gewesen zu sein. Die Besteigung eines einzelnen Berges kostete zu viel Zeit, zu viel detaillierte Planung und Vorbereitung und fehlende Fachkenntnis und Erfahrung war ebenfalls ein Hinderungsgrund.<\/p>\n<p>Trotzdem habe ich w\u00e4hrend der Weltreise einige Berggipfel mit Begeisterung bestiegen und in den darauffolgenden Jahren wurde das Reisefieber durch das &#8220;H\u00f6henfieber&#8221; verdr\u00e4ngt. Die unsteten Reisejahre lagen hinter mir und die Zeit in Indien liess innere Ruhe einkehren. So begann ich zu wandern und strebte bald nach schwierigeren Unterfangen. Nach alpinen Ausbildungskursen nahmen die Dinge ihren Lauf und eine neue Welt stand mir offen.<\/p>\n<p>Ich hege den Plan, zumindest alle 48 4000er-Gipfel der Schweiz zu besteigen. Das ist mir bis anhin schon beinahe gelungen \u2013 es fehlen nur noch vier Berge, doch die scheinen sich zu str\u00e4uben, w\u00e4hrend die Jahre an mir vor\u00fcber rasen &#8230;<\/p>\n<p><a title=\"post bergtouren\" href=\"https:\/\/radhe-syama.ch\/wordpress\/?cat=13\">zum bergtouren blog<\/a><\/p>\n","protected":false},"excerpt":{"rendered":"<p>Eine sp\u00e4t entdeckte Leidenschaft! Berge begleiteten mich schon als Kind auf Wanderungen mit den Eltern oder auf Schulreisen, im Milit\u00e4rdienst im Hochgebirge und sp\u00e4ter auf meiner mehrj\u00e4hrigen Weltreise. Doch da war mein vordringlichster Wunsch, die ganze Welt zu sehen \u2013 \u00fcberall gewesen zu sein. Die Besteigung eines einzelnen Berges kostete zu viel Zeit, zu viel &hellip; <a href=\"https:\/\/radhe-syama.ch\/wordpress\/bergtouren\/\" class=\"more-link\">Continue reading<span class=\"screen-reader-text\"> &#8220;touren in den alpen&#8221;<\/span><\/a><\/p>\n","protected":false},"author":1,"featured_media":128,"parent":0,"menu_order":0,"comment_status":"open","ping_status":"closed","template":"","meta":{"footnotes":""},"class_list":["post-82","page","type-page","status-publish","has-post-thumbnail","hentry"],"_links":{"self":[{"href":"https:\/\/radhe-syama.ch\/wordpress\/wp-json\/wp\/v2\/pages\/82","targetHints":{"allow":["GET"]}}],"collection":[{"href":"https:\/\/radhe-syama.ch\/wordpress\/wp-json\/wp\/v2\/pages"}],"about":[{"href":"https:\/\/radhe-syama.ch\/wordpress\/wp-json\/wp\/v2\/types\/page"}],"author":[{"embeddable":true,"href":"https:\/\/radhe-syama.ch\/wordpress\/wp-json\/wp\/v2\/users\/1"}],"replies":[{"embeddable":true,"href":"https:\/\/radhe-syama.ch\/wordpress\/wp-json\/wp\/v2\/comments?post=82"}],"version-history":[{"count":12,"href":"https:\/\/radhe-syama.ch\/wordpress\/wp-json\/wp\/v2\/pages\/82\/revisions"}],"predecessor-version":[{"id":956,"href":"https:\/\/radhe-syama.ch\/wordpress\/wp-json\/wp\/v2\/pages\/82\/revisions\/956"}],"wp:featuredmedia":[{"embeddable":true,"href":"https:\/\/radhe-syama.ch\/wordpress\/wp-json\/wp\/v2\/media\/128"}],"wp:attachment":[{"href":"https:\/\/radhe-syama.ch\/wordpress\/wp-json\/wp\/v2\/media?parent=82"}],"curies":[{"name":"wp","href":"https:\/\/api.w.org\/{rel}","templated":true}]}}